{"id":8,"date":"2023-05-16T21:04:15","date_gmt":"2023-05-16T21:04:15","guid":{"rendered":"http:\/\/www.zuzanavisz.com\/?page_id=8"},"modified":"2023-10-01T19:49:16","modified_gmt":"2023-10-01T19:49:16","slug":"alchymia","status":"publish","type":"page","link":"https:\/\/www.zuzanavisz.com\/","title":{"rendered":"Alchymia"},"content":{"rendered":"\n<div class=\"wp-block-cover alignfull\" style=\"padding-top:50px;padding-right:50px;padding-bottom:50px;padding-left:50px;min-height:316px;aspect-ratio:unset;\"><span aria-hidden=\"true\" class=\"wp-block-cover__background has-black-background-color has-background-dim-100 has-background-dim\"><\/span><div class=\"wp-block-cover__inner-container is-layout-flow wp-block-cover-is-layout-flow\">\n<figure class=\"wp-block-gallery has-nested-images columns-default is-cropped wp-block-gallery-1 is-layout-flex wp-block-gallery-is-layout-flex\">\n<figure class=\"wp-block-image size-large\"><img loading=\"lazy\" decoding=\"async\" width=\"1024\" height=\"160\" data-id=\"106\" src=\"https:\/\/www.zuzanavisz.com\/wp-content\/uploads\/2023\/09\/ZUZU_ceramics-1konvert2-1024x160.png\" alt=\"\" class=\"wp-image-106\" srcset=\"https:\/\/www.zuzanavisz.com\/wp-content\/uploads\/2023\/09\/ZUZU_ceramics-1konvert2-1024x160.png 1024w, https:\/\/www.zuzanavisz.com\/wp-content\/uploads\/2023\/09\/ZUZU_ceramics-1konvert2-300x47.png 300w, https:\/\/www.zuzanavisz.com\/wp-content\/uploads\/2023\/09\/ZUZU_ceramics-1konvert2-768x120.png 768w, https:\/\/www.zuzanavisz.com\/wp-content\/uploads\/2023\/09\/ZUZU_ceramics-1konvert2-1536x240.png 1536w, https:\/\/www.zuzanavisz.com\/wp-content\/uploads\/2023\/09\/ZUZU_ceramics-1konvert2-2000x313.png 2000w, https:\/\/www.zuzanavisz.com\/wp-content\/uploads\/2023\/09\/ZUZU_ceramics-1konvert2.png 2039w\" sizes=\"auto, (max-width: 1024px) 100vw, 1024px\" \/><\/figure>\n<\/figure>\n\n\n\n<div class=\"wp-block-columns is-layout-flex wp-container-core-columns-is-layout-9d6595d7 wp-block-columns-is-layout-flex\">\n<div class=\"wp-block-column is-layout-flow wp-block-column-is-layout-flow\" style=\"flex-basis:100%\">\n<div class=\"wp-block-columns is-layout-flex wp-container-core-columns-is-layout-9d6595d7 wp-block-columns-is-layout-flex\">\n<div class=\"wp-block-column is-layout-flow wp-block-column-is-layout-flow\">\n<figure class=\"wp-block-gallery has-nested-images columns-default is-cropped wp-block-gallery-2 is-layout-flex wp-block-gallery-is-layout-flex\">\n<figure class=\"wp-block-image size-large\"><img loading=\"lazy\" decoding=\"async\" width=\"1024\" height=\"684\" data-id=\"82\" src=\"https:\/\/www.zuzanavisz.com\/wp-content\/uploads\/2023\/09\/20230802-A7S02117-2-1024x684.jpg\" alt=\"\" class=\"wp-image-82\" style=\"aspect-ratio:1;object-fit:cover\" srcset=\"https:\/\/www.zuzanavisz.com\/wp-content\/uploads\/2023\/09\/20230802-A7S02117-2-1024x684.jpg 1024w, https:\/\/www.zuzanavisz.com\/wp-content\/uploads\/2023\/09\/20230802-A7S02117-2-300x200.jpg 300w, https:\/\/www.zuzanavisz.com\/wp-content\/uploads\/2023\/09\/20230802-A7S02117-2-768x513.jpg 768w, https:\/\/www.zuzanavisz.com\/wp-content\/uploads\/2023\/09\/20230802-A7S02117-2-1536x1026.jpg 1536w, https:\/\/www.zuzanavisz.com\/wp-content\/uploads\/2023\/09\/20230802-A7S02117-2-2048x1368.jpg 2048w, https:\/\/www.zuzanavisz.com\/wp-content\/uploads\/2023\/09\/20230802-A7S02117-2-2000x1336.jpg 2000w\" sizes=\"auto, (max-width: 1024px) 100vw, 1024px\" \/><\/figure>\n<\/figure>\n<\/div>\n\n\n\n<div class=\"wp-block-column is-layout-flow wp-block-column-is-layout-flow\">\n<p><strong>MgA. Zuzana Viszusov\u00e1<\/strong><\/p>\n\n\n\n<p><strong>O m\u011b:&nbsp;<\/strong><\/p>\n\n\n\n<p style=\"font-size:15px\">Keramick\u00e9 tvorb\u011b se v\u011bnuji ji\u017e \u0159adu let, a sv\u00e1 studia jsem zavr\u0161ila na pra\u017esk\u00e9 UMPRUM. V\u011bt\u0161ina prac\u00ed u m\u011b vznikaj\u00ed na hrn\u010d\u00ed\u0159sk\u00e9m kruhu. Sna\u017e\u00edm se ct\u00edt tradici tohoto \u0159emesla, ale usiluji o jeho pojet\u00ed v sou\u010dasn\u00e9 dob\u011b. Experimentov\u00e1n\u00edm si hled\u00e1m vlastn\u00ed cestu, kter\u00e1 v\u017edy definuje fin\u00e1ln\u00ed vzhled v\u00fdrobku.&nbsp;<\/p>\n\n\n\n<p><strong>About me:<\/strong><\/p>\n\n\n\n<p style=\"font-size:15px\">I have been working in the field of ceramics for many years now and have successfully completed my studies at the UMPRUM in Prague. Most of my works are created on the potter\u2019s wheel. I try to honour the tradition of this craft as much as possible but strive for its contemporary conception. By experimenting, I seek to find my own path which is an endeavour that always defines the final look of my works.<\/p>\n<\/div>\n<\/div>\n<\/div>\n<\/div>\n<\/div><\/div>\n\n\n\n<div class=\"wp-block-columns pt-2 is-layout-flex wp-container-core-columns-is-layout-9d6595d7 wp-block-columns-is-layout-flex\">\n<div class=\"wp-block-column is-layout-flow wp-block-column-is-layout-flow\">\n<figure class=\"wp-block-gallery has-nested-images columns-default is-cropped wp-block-gallery-3 is-layout-flex wp-block-gallery-is-layout-flex\">\n<figure class=\"wp-block-image size-large\"><img loading=\"lazy\" decoding=\"async\" width=\"684\" height=\"1024\" data-id=\"147\" src=\"https:\/\/www.zuzanavisz.com\/wp-content\/uploads\/2023\/09\/20230802-A7S02103-2-684x1024.jpg\" alt=\"\" class=\"wp-image-147\" srcset=\"https:\/\/www.zuzanavisz.com\/wp-content\/uploads\/2023\/09\/20230802-A7S02103-2-684x1024.jpg 684w, https:\/\/www.zuzanavisz.com\/wp-content\/uploads\/2023\/09\/20230802-A7S02103-2-200x300.jpg 200w, https:\/\/www.zuzanavisz.com\/wp-content\/uploads\/2023\/09\/20230802-A7S02103-2-768x1150.jpg 768w, https:\/\/www.zuzanavisz.com\/wp-content\/uploads\/2023\/09\/20230802-A7S02103-2-1026x1536.jpg 1026w, https:\/\/www.zuzanavisz.com\/wp-content\/uploads\/2023\/09\/20230802-A7S02103-2-1368x2048.jpg 1368w, https:\/\/www.zuzanavisz.com\/wp-content\/uploads\/2023\/09\/20230802-A7S02103-2-2000x2994.jpg 2000w, https:\/\/www.zuzanavisz.com\/wp-content\/uploads\/2023\/09\/20230802-A7S02103-2-scaled.jpg 1710w\" sizes=\"auto, (max-width: 684px) 100vw, 684px\" \/><\/figure>\n<\/figure>\n<\/div>\n\n\n\n<div class=\"wp-block-column is-layout-flow wp-block-column-is-layout-flow\">\n<figure class=\"wp-block-gallery has-nested-images columns-default is-cropped wp-block-gallery-4 is-layout-flex wp-block-gallery-is-layout-flex\">\n<figure class=\"wp-block-image size-large\"><img loading=\"lazy\" decoding=\"async\" width=\"1024\" height=\"684\" data-id=\"148\" src=\"https:\/\/www.zuzanavisz.com\/wp-content\/uploads\/2023\/09\/20230802-A7S02082-3-1024x684.jpg\" alt=\"\" class=\"wp-image-148\" srcset=\"https:\/\/www.zuzanavisz.com\/wp-content\/uploads\/2023\/09\/20230802-A7S02082-3-1024x684.jpg 1024w, https:\/\/www.zuzanavisz.com\/wp-content\/uploads\/2023\/09\/20230802-A7S02082-3-300x200.jpg 300w, https:\/\/www.zuzanavisz.com\/wp-content\/uploads\/2023\/09\/20230802-A7S02082-3-768x513.jpg 768w, https:\/\/www.zuzanavisz.com\/wp-content\/uploads\/2023\/09\/20230802-A7S02082-3-1536x1026.jpg 1536w, https:\/\/www.zuzanavisz.com\/wp-content\/uploads\/2023\/09\/20230802-A7S02082-3-2048x1368.jpg 2048w, https:\/\/www.zuzanavisz.com\/wp-content\/uploads\/2023\/09\/20230802-A7S02082-3-2000x1336.jpg 2000w\" sizes=\"auto, (max-width: 1024px) 100vw, 1024px\" \/><\/figure>\n<\/figure>\n\n\n\n<figure class=\"wp-block-gallery has-nested-images columns-default is-cropped wp-block-gallery-5 is-layout-flex wp-block-gallery-is-layout-flex\">\n<figure class=\"wp-block-image size-large\"><img loading=\"lazy\" decoding=\"async\" width=\"1024\" height=\"684\" data-id=\"149\" src=\"https:\/\/www.zuzanavisz.com\/wp-content\/uploads\/2023\/09\/20230802-A7S01939-2-1024x684.jpg\" alt=\"\" class=\"wp-image-149\" srcset=\"https:\/\/www.zuzanavisz.com\/wp-content\/uploads\/2023\/09\/20230802-A7S01939-2-1024x684.jpg 1024w, https:\/\/www.zuzanavisz.com\/wp-content\/uploads\/2023\/09\/20230802-A7S01939-2-300x200.jpg 300w, https:\/\/www.zuzanavisz.com\/wp-content\/uploads\/2023\/09\/20230802-A7S01939-2-768x513.jpg 768w, https:\/\/www.zuzanavisz.com\/wp-content\/uploads\/2023\/09\/20230802-A7S01939-2-1536x1026.jpg 1536w, https:\/\/www.zuzanavisz.com\/wp-content\/uploads\/2023\/09\/20230802-A7S01939-2-2048x1368.jpg 2048w, https:\/\/www.zuzanavisz.com\/wp-content\/uploads\/2023\/09\/20230802-A7S01939-2-2000x1336.jpg 2000w\" sizes=\"auto, (max-width: 1024px) 100vw, 1024px\" \/><\/figure>\n<\/figure>\n<\/div>\n\n\n\n<div class=\"wp-block-column is-layout-flow wp-block-column-is-layout-flow\">\n<figure class=\"wp-block-gallery has-nested-images columns-default is-cropped wp-block-gallery-6 is-layout-flex wp-block-gallery-is-layout-flex\">\n<figure class=\"wp-block-image size-large\"><img loading=\"lazy\" decoding=\"async\" width=\"684\" height=\"1024\" data-id=\"151\" src=\"https:\/\/www.zuzanavisz.com\/wp-content\/uploads\/2023\/09\/20230802-A7S02070-1-2-684x1024.jpg\" alt=\"\" class=\"wp-image-151\" srcset=\"https:\/\/www.zuzanavisz.com\/wp-content\/uploads\/2023\/09\/20230802-A7S02070-1-2-684x1024.jpg 684w, https:\/\/www.zuzanavisz.com\/wp-content\/uploads\/2023\/09\/20230802-A7S02070-1-2-200x300.jpg 200w, https:\/\/www.zuzanavisz.com\/wp-content\/uploads\/2023\/09\/20230802-A7S02070-1-2-768x1150.jpg 768w, https:\/\/www.zuzanavisz.com\/wp-content\/uploads\/2023\/09\/20230802-A7S02070-1-2-1026x1536.jpg 1026w, https:\/\/www.zuzanavisz.com\/wp-content\/uploads\/2023\/09\/20230802-A7S02070-1-2-1368x2048.jpg 1368w, https:\/\/www.zuzanavisz.com\/wp-content\/uploads\/2023\/09\/20230802-A7S02070-1-2-2000x2994.jpg 2000w, https:\/\/www.zuzanavisz.com\/wp-content\/uploads\/2023\/09\/20230802-A7S02070-1-2-scaled.jpg 1710w\" sizes=\"auto, (max-width: 684px) 100vw, 684px\" \/><\/figure>\n<\/figure>\n<\/div>\n<\/div>\n\n\n\n<p><strong>Alchymia:&nbsp;<\/strong><\/p>\n\n\n\n<p>Tato kolekce je inspirovan\u00e1 alchymistickou v\u011bdou, kter\u00e1 je spojen\u00e1 s filosofii, p\u0159\u00edrodou, ale tak\u00e9 s experimenty a \u0159emeslnou v\u00fdrobou. V keramick\u00e9 tvorb\u011b v tomto oboru spat\u0159uji jistou podobnost. Efekt na povrchu ka\u017ed\u00e9ho v\u00fdrobku je d\u00edky experimentov\u00e1n\u00edm s glazurou v\u017edy neopakovateln\u00fd.&nbsp;<\/p>\n\n\n\n<p><strong>Alchymia:<\/strong><\/p>\n\n\n\n<p>This collection is inspired by alchemical science connected with philosophy, nature, but also with experiments and craftsmanship. I see a certain similarity in the process of designing and making ceramics; my experimentation with the glaze led to unrepeatable effects on the surface of each product.<\/p>\n","protected":false},"excerpt":{"rendered":"<p>Alchymia:&nbsp; Tato kolekce je inspirovan\u00e1 alchymistickou v\u011bdou, kter\u00e1 je spojen\u00e1 s filosofii, p\u0159\u00edrodou, ale tak\u00e9 s experimenty a \u0159emeslnou v\u00fdrobou. V keramick\u00e9 tvorb\u011b v tomto oboru spat\u0159uji jistou podobnost. Efekt na povrchu ka\u017ed\u00e9ho v\u00fdrobku je d\u00edky experimentov\u00e1n\u00edm s glazurou v\u017edy neopakovateln\u00fd.&nbsp; Alchymia: This collection is inspired by alchemical science connected with philosophy, nature, but also &hellip; <\/p>\n<p class=\"link-more\"><a href=\"https:\/\/www.zuzanavisz.com\/\" class=\"more-link\">Read more<span class=\"screen-reader-text\"> &#8220;Alchymia&#8221;<\/span><\/a><\/p>\n","protected":false},"author":1,"featured_media":6,"parent":0,"menu_order":0,"comment_status":"closed","ping_status":"closed","template":"page-templates\/no-title.php","meta":{"footnotes":""},"class_list":["post-8","page","type-page","status-publish","has-post-thumbnail","hentry"],"_links":{"self":[{"href":"https:\/\/www.zuzanavisz.com\/index.php?rest_route=\/wp\/v2\/pages\/8","targetHints":{"allow":["GET"]}}],"collection":[{"href":"https:\/\/www.zuzanavisz.com\/index.php?rest_route=\/wp\/v2\/pages"}],"about":[{"href":"https:\/\/www.zuzanavisz.com\/index.php?rest_route=\/wp\/v2\/types\/page"}],"author":[{"embeddable":true,"href":"https:\/\/www.zuzanavisz.com\/index.php?rest_route=\/wp\/v2\/users\/1"}],"replies":[{"embeddable":true,"href":"https:\/\/www.zuzanavisz.com\/index.php?rest_route=%2Fwp%2Fv2%2Fcomments&post=8"}],"version-history":[{"count":17,"href":"https:\/\/www.zuzanavisz.com\/index.php?rest_route=\/wp\/v2\/pages\/8\/revisions"}],"predecessor-version":[{"id":210,"href":"https:\/\/www.zuzanavisz.com\/index.php?rest_route=\/wp\/v2\/pages\/8\/revisions\/210"}],"wp:featuredmedia":[{"embeddable":true,"href":"https:\/\/www.zuzanavisz.com\/index.php?rest_route=\/wp\/v2\/media\/6"}],"wp:attachment":[{"href":"https:\/\/www.zuzanavisz.com\/index.php?rest_route=%2Fwp%2Fv2%2Fmedia&parent=8"}],"curies":[{"name":"wp","href":"https:\/\/api.w.org\/{rel}","templated":true}]}}