{"id":49,"date":"2023-09-27T07:48:59","date_gmt":"2023-09-27T07:48:59","guid":{"rendered":"https:\/\/www.zuzanavisz.com\/?page_id=49"},"modified":"2023-10-03T15:00:28","modified_gmt":"2023-10-03T15:00:28","slug":"not-completed","status":"publish","type":"page","link":"https:\/\/www.zuzanavisz.com\/?page_id=49","title":{"rendered":"Not completed"},"content":{"rendered":"\n<div class=\"wp-block-columns pt-2 is-layout-flex wp-container-core-columns-is-layout-9d6595d7 wp-block-columns-is-layout-flex\">\n<div class=\"wp-block-column is-layout-flow wp-block-column-is-layout-flow\">\n<figure class=\"wp-block-gallery has-nested-images columns-default is-cropped wp-block-gallery-1 is-layout-flex wp-block-gallery-is-layout-flex\">\n<figure class=\"wp-block-image size-large\"><img loading=\"lazy\" decoding=\"async\" width=\"683\" height=\"1024\" data-id=\"121\" src=\"https:\/\/www.zuzanavisz.com\/wp-content\/uploads\/2023\/09\/210A3690_Peter_Fabo-683x1024.jpg\" alt=\"\" class=\"wp-image-121\" srcset=\"https:\/\/www.zuzanavisz.com\/wp-content\/uploads\/2023\/09\/210A3690_Peter_Fabo-683x1024.jpg 683w, https:\/\/www.zuzanavisz.com\/wp-content\/uploads\/2023\/09\/210A3690_Peter_Fabo-200x300.jpg 200w, https:\/\/www.zuzanavisz.com\/wp-content\/uploads\/2023\/09\/210A3690_Peter_Fabo-768x1152.jpg 768w, https:\/\/www.zuzanavisz.com\/wp-content\/uploads\/2023\/09\/210A3690_Peter_Fabo-1024x1536.jpg 1024w, https:\/\/www.zuzanavisz.com\/wp-content\/uploads\/2023\/09\/210A3690_Peter_Fabo-1365x2048.jpg 1365w, https:\/\/www.zuzanavisz.com\/wp-content\/uploads\/2023\/09\/210A3690_Peter_Fabo-2000x3000.jpg 2000w, https:\/\/www.zuzanavisz.com\/wp-content\/uploads\/2023\/09\/210A3690_Peter_Fabo-scaled.jpg 1706w\" sizes=\"auto, (max-width: 683px) 100vw, 683px\" \/><\/figure>\n<\/figure>\n<\/div>\n\n\n\n<div class=\"wp-block-column is-layout-flow wp-block-column-is-layout-flow\">\n<figure class=\"wp-block-gallery has-nested-images columns-default is-cropped wp-block-gallery-2 is-layout-flex wp-block-gallery-is-layout-flex\">\n<figure class=\"wp-block-image size-large\"><img loading=\"lazy\" decoding=\"async\" width=\"683\" height=\"1024\" data-id=\"122\" src=\"https:\/\/www.zuzanavisz.com\/wp-content\/uploads\/2023\/09\/210A3774_Peter_Fabo-1-683x1024.jpg\" alt=\"\" class=\"wp-image-122\" srcset=\"https:\/\/www.zuzanavisz.com\/wp-content\/uploads\/2023\/09\/210A3774_Peter_Fabo-1-683x1024.jpg 683w, https:\/\/www.zuzanavisz.com\/wp-content\/uploads\/2023\/09\/210A3774_Peter_Fabo-1-200x300.jpg 200w, https:\/\/www.zuzanavisz.com\/wp-content\/uploads\/2023\/09\/210A3774_Peter_Fabo-1-768x1152.jpg 768w, https:\/\/www.zuzanavisz.com\/wp-content\/uploads\/2023\/09\/210A3774_Peter_Fabo-1-1024x1536.jpg 1024w, https:\/\/www.zuzanavisz.com\/wp-content\/uploads\/2023\/09\/210A3774_Peter_Fabo-1-1365x2048.jpg 1365w, https:\/\/www.zuzanavisz.com\/wp-content\/uploads\/2023\/09\/210A3774_Peter_Fabo-1-2000x3000.jpg 2000w, https:\/\/www.zuzanavisz.com\/wp-content\/uploads\/2023\/09\/210A3774_Peter_Fabo-1-scaled.jpg 1706w\" sizes=\"auto, (max-width: 683px) 100vw, 683px\" \/><\/figure>\n<\/figure>\n<\/div>\n<\/div>\n\n\n\n<p><strong>Not Completed:<\/strong><\/p>\n\n\n\n<p>Objekty t\u00e9to instalace reaguji na tvorbu um\u011blce V\u00e1clava \u0160er\u00e1ka. Vych\u00e1zela jsem p\u0159edev\u0161\u00edm z jeho tv\u016fr\u010d\u00edch postup\u016f, kter\u00e9 spo\u010d\u00edvaly v destrukci objemu a vytv\u00e1\u0159en\u00ed objekt\u016f pomoc\u00ed spojov\u00e1n\u00ed jednotliv\u00fdch segment\u016f. Nechala jsem se inspirovat zejm\u00e9na pro jeho tvorbu typickou expresivitou, neukon\u010denost\u00ed a dynamikou.<br>Do instalace jsem zapojila i audio slo\u017eku \u2013 rozhovor, kter\u00fd byl po\u0159\u00edzen s V\u00e1clavem \u0160er\u00e1kem b\u011bhem p\u0159\u00edpravy t\u00e9to pr\u00e1ce. Diplomov\u00fd projekt v ateli\u00e9ru Keramika a porcel\u00e1n na UMPRUM&nbsp;<\/p>\n\n\n\n<p><strong>Not Completed:<\/strong><\/p>\n\n\n\n<p>The objects in this installation are a response to the work of the artist V\u00e1clav \u0160er\u00e1k. I drew primarily on his creative methods consisting in the destruction of volume and the creation of objects by joining individual segments. I was particularly inspired by the expressiveness, incompleteness and dynamics typical of his work.<\/p>\n\n\n\n<p>I also included an audio component in the installation \u2013 an interview recorded with V\u00e1clav \u0160er\u00e1k during the preparation of this work. Master&#8217;s project within the studies at UMPRUM Ceramics and Porcelain Art Department<\/p>\n","protected":false},"excerpt":{"rendered":"<p>Not Completed: Objekty t\u00e9to instalace reaguji na tvorbu um\u011blce V\u00e1clava \u0160er\u00e1ka. Vych\u00e1zela jsem p\u0159edev\u0161\u00edm z jeho tv\u016fr\u010d\u00edch postup\u016f, kter\u00e9 spo\u010d\u00edvaly v destrukci objemu a vytv\u00e1\u0159en\u00ed objekt\u016f pomoc\u00ed spojov\u00e1n\u00ed jednotliv\u00fdch segment\u016f. Nechala jsem se inspirovat zejm\u00e9na pro jeho tvorbu typickou expresivitou, neukon\u010denost\u00ed a dynamikou.Do instalace jsem zapojila i audio slo\u017eku \u2013 rozhovor, kter\u00fd byl po\u0159\u00edzen s &hellip; <\/p>\n<p class=\"link-more\"><a href=\"https:\/\/www.zuzanavisz.com\/?page_id=49\" class=\"more-link\">Read more<span class=\"screen-reader-text\"> &#8220;Not completed&#8221;<\/span><\/a><\/p>\n","protected":false},"author":1,"featured_media":0,"parent":0,"menu_order":0,"comment_status":"closed","ping_status":"closed","template":"page-templates\/no-title.php","meta":{"footnotes":""},"class_list":["post-49","page","type-page","status-publish","hentry"],"_links":{"self":[{"href":"https:\/\/www.zuzanavisz.com\/index.php?rest_route=\/wp\/v2\/pages\/49","targetHints":{"allow":["GET"]}}],"collection":[{"href":"https:\/\/www.zuzanavisz.com\/index.php?rest_route=\/wp\/v2\/pages"}],"about":[{"href":"https:\/\/www.zuzanavisz.com\/index.php?rest_route=\/wp\/v2\/types\/page"}],"author":[{"embeddable":true,"href":"https:\/\/www.zuzanavisz.com\/index.php?rest_route=\/wp\/v2\/users\/1"}],"replies":[{"embeddable":true,"href":"https:\/\/www.zuzanavisz.com\/index.php?rest_route=%2Fwp%2Fv2%2Fcomments&post=49"}],"version-history":[{"count":6,"href":"https:\/\/www.zuzanavisz.com\/index.php?rest_route=\/wp\/v2\/pages\/49\/revisions"}],"predecessor-version":[{"id":248,"href":"https:\/\/www.zuzanavisz.com\/index.php?rest_route=\/wp\/v2\/pages\/49\/revisions\/248"}],"wp:attachment":[{"href":"https:\/\/www.zuzanavisz.com\/index.php?rest_route=%2Fwp%2Fv2%2Fmedia&parent=49"}],"curies":[{"name":"wp","href":"https:\/\/api.w.org\/{rel}","templated":true}]}}