{"id":47,"date":"2023-09-27T07:48:59","date_gmt":"2023-09-27T07:48:59","guid":{"rendered":"https:\/\/www.zuzanavisz.com\/?page_id=47"},"modified":"2023-10-03T15:00:14","modified_gmt":"2023-10-03T15:00:14","slug":"landscape","status":"publish","type":"page","link":"https:\/\/www.zuzanavisz.com\/?page_id=47","title":{"rendered":"Landscape"},"content":{"rendered":"\n<div class=\"wp-block-columns pt-2 is-layout-flex wp-container-core-columns-is-layout-9d6595d7 wp-block-columns-is-layout-flex\">\n<div class=\"wp-block-column is-layout-flow wp-block-column-is-layout-flow\">\n<figure class=\"wp-block-gallery has-nested-images columns-default is-cropped wp-block-gallery-1 is-layout-flex wp-block-gallery-is-layout-flex\">\n<figure class=\"wp-block-image size-large\"><img loading=\"lazy\" decoding=\"async\" width=\"684\" height=\"1024\" data-id=\"116\" src=\"https:\/\/www.zuzanavisz.com\/wp-content\/uploads\/2023\/09\/20230802-A7S02056-684x1024.jpg\" alt=\"\" class=\"wp-image-116\" srcset=\"https:\/\/www.zuzanavisz.com\/wp-content\/uploads\/2023\/09\/20230802-A7S02056-684x1024.jpg 684w, https:\/\/www.zuzanavisz.com\/wp-content\/uploads\/2023\/09\/20230802-A7S02056-200x300.jpg 200w, https:\/\/www.zuzanavisz.com\/wp-content\/uploads\/2023\/09\/20230802-A7S02056-768x1150.jpg 768w, https:\/\/www.zuzanavisz.com\/wp-content\/uploads\/2023\/09\/20230802-A7S02056-1026x1536.jpg 1026w, https:\/\/www.zuzanavisz.com\/wp-content\/uploads\/2023\/09\/20230802-A7S02056-1368x2048.jpg 1368w, https:\/\/www.zuzanavisz.com\/wp-content\/uploads\/2023\/09\/20230802-A7S02056-2000x2994.jpg 2000w, https:\/\/www.zuzanavisz.com\/wp-content\/uploads\/2023\/09\/20230802-A7S02056-scaled.jpg 1710w\" sizes=\"auto, (max-width: 684px) 100vw, 684px\" \/><\/figure>\n<\/figure>\n<\/div>\n\n\n\n<div class=\"wp-block-column is-layout-flow wp-block-column-is-layout-flow\">\n<figure class=\"wp-block-gallery has-nested-images columns-default is-cropped wp-block-gallery-2 is-layout-flex wp-block-gallery-is-layout-flex\">\n<figure class=\"wp-block-image size-large\"><img loading=\"lazy\" decoding=\"async\" width=\"1024\" height=\"684\" data-id=\"117\" src=\"https:\/\/www.zuzanavisz.com\/wp-content\/uploads\/2023\/09\/20230802-A7S02047-1024x684.jpg\" alt=\"\" class=\"wp-image-117\" srcset=\"https:\/\/www.zuzanavisz.com\/wp-content\/uploads\/2023\/09\/20230802-A7S02047-1024x684.jpg 1024w, https:\/\/www.zuzanavisz.com\/wp-content\/uploads\/2023\/09\/20230802-A7S02047-300x200.jpg 300w, https:\/\/www.zuzanavisz.com\/wp-content\/uploads\/2023\/09\/20230802-A7S02047-768x513.jpg 768w, https:\/\/www.zuzanavisz.com\/wp-content\/uploads\/2023\/09\/20230802-A7S02047-1536x1026.jpg 1536w, https:\/\/www.zuzanavisz.com\/wp-content\/uploads\/2023\/09\/20230802-A7S02047-2048x1368.jpg 2048w, https:\/\/www.zuzanavisz.com\/wp-content\/uploads\/2023\/09\/20230802-A7S02047-2000x1336.jpg 2000w\" sizes=\"auto, (max-width: 1024px) 100vw, 1024px\" \/><\/figure>\n<\/figure>\n\n\n\n<figure class=\"wp-block-gallery has-nested-images columns-default is-cropped wp-block-gallery-3 is-layout-flex wp-block-gallery-is-layout-flex\">\n<figure class=\"wp-block-image size-large\"><img loading=\"lazy\" decoding=\"async\" width=\"1024\" height=\"684\" data-id=\"118\" src=\"https:\/\/www.zuzanavisz.com\/wp-content\/uploads\/2023\/09\/20230802-A7S02095-1024x684.jpg\" alt=\"\" class=\"wp-image-118\" srcset=\"https:\/\/www.zuzanavisz.com\/wp-content\/uploads\/2023\/09\/20230802-A7S02095-1024x684.jpg 1024w, https:\/\/www.zuzanavisz.com\/wp-content\/uploads\/2023\/09\/20230802-A7S02095-300x200.jpg 300w, https:\/\/www.zuzanavisz.com\/wp-content\/uploads\/2023\/09\/20230802-A7S02095-768x513.jpg 768w, https:\/\/www.zuzanavisz.com\/wp-content\/uploads\/2023\/09\/20230802-A7S02095-1536x1026.jpg 1536w, https:\/\/www.zuzanavisz.com\/wp-content\/uploads\/2023\/09\/20230802-A7S02095-2048x1368.jpg 2048w, https:\/\/www.zuzanavisz.com\/wp-content\/uploads\/2023\/09\/20230802-A7S02095-2000x1336.jpg 2000w\" sizes=\"auto, (max-width: 1024px) 100vw, 1024px\" \/><\/figure>\n<\/figure>\n<\/div>\n\n\n\n<div class=\"wp-block-column is-layout-flow wp-block-column-is-layout-flow\">\n<p><strong>Landscape:<\/strong><\/p>\n\n\n\n<p>N\u00e1zev t\u00e9to kolekce je odvozen od techniky dekorov\u00e1n\u00ed, kter\u00e1 p\u0159i bli\u017e\u0161\u00edm zkoum\u00e1n\u00ed m\u016f\u017ee p\u0159ipom\u00ednat krajinu, nebo poho\u0159\u00ed. Nan\u00e1\u0161en\u00ed rozmo\u010den\u00e9 hl\u00edny na povrch v\u00e1z tak tvo\u0159\u00ed 3D malbu.<\/p>\n\n\n\n<p><strong>Landscape:<\/strong><\/p>\n\n\n\n<p>The name of this collection stems from the decoration technique, which can on closer inspection resemble a landscape or a mountain range. The application of wet clay on the surface of the vases creates a 3D painting appearance.<\/p>\n<\/div>\n<\/div>\n","protected":false},"excerpt":{"rendered":"<p>Landscape: N\u00e1zev t\u00e9to kolekce je odvozen od techniky dekorov\u00e1n\u00ed, kter\u00e1 p\u0159i bli\u017e\u0161\u00edm zkoum\u00e1n\u00ed m\u016f\u017ee p\u0159ipom\u00ednat krajinu, nebo poho\u0159\u00ed. Nan\u00e1\u0161en\u00ed rozmo\u010den\u00e9 hl\u00edny na povrch v\u00e1z tak tvo\u0159\u00ed 3D malbu. Landscape: The name of this collection stems from the decoration technique, which can on closer inspection resemble a landscape or a mountain range. The application of wet &hellip; <\/p>\n<p class=\"link-more\"><a href=\"https:\/\/www.zuzanavisz.com\/?page_id=47\" class=\"more-link\">Read more<span class=\"screen-reader-text\"> &#8220;Landscape&#8221;<\/span><\/a><\/p>\n","protected":false},"author":1,"featured_media":0,"parent":0,"menu_order":0,"comment_status":"closed","ping_status":"closed","template":"page-templates\/no-title.php","meta":{"footnotes":""},"class_list":["post-47","page","type-page","status-publish","hentry"],"_links":{"self":[{"href":"https:\/\/www.zuzanavisz.com\/index.php?rest_route=\/wp\/v2\/pages\/47","targetHints":{"allow":["GET"]}}],"collection":[{"href":"https:\/\/www.zuzanavisz.com\/index.php?rest_route=\/wp\/v2\/pages"}],"about":[{"href":"https:\/\/www.zuzanavisz.com\/index.php?rest_route=\/wp\/v2\/types\/page"}],"author":[{"embeddable":true,"href":"https:\/\/www.zuzanavisz.com\/index.php?rest_route=\/wp\/v2\/users\/1"}],"replies":[{"embeddable":true,"href":"https:\/\/www.zuzanavisz.com\/index.php?rest_route=%2Fwp%2Fv2%2Fcomments&post=47"}],"version-history":[{"count":9,"href":"https:\/\/www.zuzanavisz.com\/index.php?rest_route=\/wp\/v2\/pages\/47\/revisions"}],"predecessor-version":[{"id":247,"href":"https:\/\/www.zuzanavisz.com\/index.php?rest_route=\/wp\/v2\/pages\/47\/revisions\/247"}],"wp:attachment":[{"href":"https:\/\/www.zuzanavisz.com\/index.php?rest_route=%2Fwp%2Fv2%2Fmedia&parent=47"}],"curies":[{"name":"wp","href":"https:\/\/api.w.org\/{rel}","templated":true}]}}