{"id":240,"date":"2023-10-03T14:58:08","date_gmt":"2023-10-03T14:58:08","guid":{"rendered":"https:\/\/www.zuzanavisz.com\/?page_id=240"},"modified":"2023-10-03T15:02:14","modified_gmt":"2023-10-03T15:02:14","slug":"halda","status":"publish","type":"page","link":"https:\/\/www.zuzanavisz.com\/?page_id=240","title":{"rendered":"Halda"},"content":{"rendered":"\n<div class=\"wp-block-columns is-layout-flex wp-container-core-columns-is-layout-9d6595d7 wp-block-columns-is-layout-flex\">\n<div class=\"wp-block-column is-layout-flow wp-block-column-is-layout-flow\">\n<figure class=\"wp-block-gallery has-nested-images columns-default is-cropped wp-block-gallery-1 is-layout-flex wp-block-gallery-is-layout-flex\">\n<figure class=\"wp-block-image size-large is-resized\"><img loading=\"lazy\" decoding=\"async\" data-id=\"241\" src=\"https:\/\/www.zuzanavisz.com\/wp-content\/uploads\/2023\/10\/IMG_7170-697x1024.jpg\" alt=\"\" class=\"wp-image-241\" style=\"object-fit:cover;width:250px;height:320px\" width=\"250\" height=\"320\"\/><\/figure>\n<\/figure>\n<\/div>\n\n\n\n<div class=\"wp-block-column is-layout-flow wp-block-column-is-layout-flow\">\n<figure class=\"wp-block-gallery has-nested-images columns-default is-cropped wp-block-gallery-2 is-layout-flex wp-block-gallery-is-layout-flex\">\n<figure class=\"wp-block-image size-large is-resized\"><img loading=\"lazy\" decoding=\"async\" data-id=\"242\" src=\"https:\/\/www.zuzanavisz.com\/wp-content\/uploads\/2023\/10\/IMG_7198-787x1024.jpg\" alt=\"\" class=\"wp-image-242\" style=\"object-fit:cover;width:250px;height:320px\" width=\"250\" height=\"320\"\/><\/figure>\n<\/figure>\n<\/div>\n\n\n\n<div class=\"wp-block-column is-layout-flow wp-block-column-is-layout-flow\">\n<figure class=\"wp-block-gallery has-nested-images columns-default is-cropped wp-block-gallery-3 is-layout-flex wp-block-gallery-is-layout-flex\">\n<figure class=\"wp-block-image size-large is-resized\"><img loading=\"lazy\" decoding=\"async\" data-id=\"243\" src=\"https:\/\/www.zuzanavisz.com\/wp-content\/uploads\/2023\/10\/IMG_7205-768x1024.jpg\" alt=\"\" class=\"wp-image-243\" style=\"object-fit:cover;width:250px;height:320px\" width=\"250\" height=\"320\"\/><\/figure>\n<\/figure>\n<\/div>\n<\/div>\n\n\n\n<p><strong>Halda<\/strong>:<\/p>\n\n\n\n<p>Projekt Halda vznikl v Ostrav\u011b, odkud autorka poch\u00e1z\u00ed, sb\u00edr\u00e1 inspiraci a m\u00e1 zde sv\u016fj kousek r\u00e1je. Dlouh\u00e1 desetilet\u00ed formoval okol\u00ed Ostravy t\u011b\u017eebn\u00ed pr\u016fmysl a zm\u011bnil tak okoln\u00ed krajinu. Hlavn\u00ed inspirac\u00ed pro vznik t\u00e9to kolekce v\u00e1z byly haldy. Ty nejen\u017ee ovliv\u0148uj\u00ed vizu\u00e1ln\u00ed r\u00e1z tohoto kraje, ale maj\u00ed i specifick\u00e9 geologick\u00e9 slo\u017een\u00ed, kter\u00e9 vyb\u00edz\u00ed k experiment\u016fm.&nbsp;<\/p>\n\n\n\n<p>V\u00fdsledkem jsou v\u00e1zy to\u010den\u00e9 na hrn\u010d\u00ed\u0159sk\u00e9m kruhu, do kter\u00fdch autorka prom\u00edt\u00e1 siluety kom\u00edn\u016f. Ty d\u00e1le dekoruje r\u016fznorodou sm\u011bs\u00ed hornin nalezen\u00fdch na hald\u00e1ch. Dekor tak tvo\u0159\u00ed sm\u011bs glazury, j\u00edl\u016f, uhl\u00ed, hlu\u0161iny, ale i jin\u00fdch p\u0159\u00edm\u011bs\u00ed. Povrch ka\u017ed\u00e9 v\u00e1zy je tvo\u0159en materi\u00e1lem z jedn\u00e9 konkr\u00e9tn\u00ed haldy, a ka\u017ed\u00e1 v\u00e1za je origin\u00e1lem. Autorka tak propojuje kr\u00e1su p\u0159\u00edrodn\u00edch materi\u00e1l\u016f s industri\u00e1ln\u00ed estetikou.<\/p>\n\n\n\n<p><strong>Heap<\/strong>:<\/p>\n\n\n\n<p>The Halda vases project was conceived in Ostrava, the city where the author comes from, collects inspiration and has her own piece of paradise. For many decades, the mining industry has been shaping the surroundings of Ostrava, altering its landscape. Heaps of mining residues were the main inspiration for this collection of vases. Not only do they influence the visual character of this region, but they also have a specific geological composition that encourages experimentation. The result is a series of vases made on a potter&#8217;s wheel into which the artist projects the silhouettes of mining chimneys. These are further decorated with a diverse mixture of rocks found in the heaps. The decor is composed of a mixture of glaze, clay, coal, tailings and other admixtures. The surface of each vase is made up of material from one particular heap, making every vase an original. In this way, the artist combines the beauty of natural materials with industrial aesthetics.<\/p>\n","protected":false},"excerpt":{"rendered":"<p>Halda: Projekt Halda vznikl v Ostrav\u011b, odkud autorka poch\u00e1z\u00ed, sb\u00edr\u00e1 inspiraci a m\u00e1 zde sv\u016fj kousek r\u00e1je. Dlouh\u00e1 desetilet\u00ed formoval okol\u00ed Ostravy t\u011b\u017eebn\u00ed pr\u016fmysl a zm\u011bnil tak okoln\u00ed krajinu. Hlavn\u00ed inspirac\u00ed pro vznik t\u00e9to kolekce v\u00e1z byly haldy. Ty nejen\u017ee ovliv\u0148uj\u00ed vizu\u00e1ln\u00ed r\u00e1z tohoto kraje, ale maj\u00ed i specifick\u00e9 geologick\u00e9 slo\u017een\u00ed, kter\u00e9 vyb\u00edz\u00ed k experiment\u016fm.&nbsp; &hellip; <\/p>\n<p class=\"link-more\"><a href=\"https:\/\/www.zuzanavisz.com\/?page_id=240\" class=\"more-link\">Read more<span class=\"screen-reader-text\"> &#8220;Halda&#8221;<\/span><\/a><\/p>\n","protected":false},"author":1,"featured_media":0,"parent":0,"menu_order":0,"comment_status":"closed","ping_status":"closed","template":"page-templates\/no-title.php","meta":{"footnotes":""},"class_list":["post-240","page","type-page","status-publish","hentry"],"_links":{"self":[{"href":"https:\/\/www.zuzanavisz.com\/index.php?rest_route=\/wp\/v2\/pages\/240","targetHints":{"allow":["GET"]}}],"collection":[{"href":"https:\/\/www.zuzanavisz.com\/index.php?rest_route=\/wp\/v2\/pages"}],"about":[{"href":"https:\/\/www.zuzanavisz.com\/index.php?rest_route=\/wp\/v2\/types\/page"}],"author":[{"embeddable":true,"href":"https:\/\/www.zuzanavisz.com\/index.php?rest_route=\/wp\/v2\/users\/1"}],"replies":[{"embeddable":true,"href":"https:\/\/www.zuzanavisz.com\/index.php?rest_route=%2Fwp%2Fv2%2Fcomments&post=240"}],"version-history":[{"count":3,"href":"https:\/\/www.zuzanavisz.com\/index.php?rest_route=\/wp\/v2\/pages\/240\/revisions"}],"predecessor-version":[{"id":250,"href":"https:\/\/www.zuzanavisz.com\/index.php?rest_route=\/wp\/v2\/pages\/240\/revisions\/250"}],"wp:attachment":[{"href":"https:\/\/www.zuzanavisz.com\/index.php?rest_route=%2Fwp%2Fv2%2Fmedia&parent=240"}],"curies":[{"name":"wp","href":"https:\/\/api.w.org\/{rel}","templated":true}]}}